{"id":2073,"date":"2026-01-24T23:06:38","date_gmt":"2026-01-24T23:06:38","guid":{"rendered":"https:\/\/westsiberianlaika.rs\/?page_id=2073"},"modified":"2026-03-02T08:05:37","modified_gmt":"2026-03-02T08:05:37","slug":"kupi-knjigu","status":"publish","type":"page","link":"https:\/\/westsiberianlaika.rs\/index.php\/sr\/kupi-knjigu\/","title":{"rendered":"Kupi knjigu"},"content":{"rendered":"\n<div style=\"display:flex; align-items:flex-start; gap:20px; flex-wrap:wrap;\">\n\n  <!-- LEVA STRANA: Slika knjige -->\n  <div style=\"flex:0 0 150px;\">\n    <img decoding=\"async\" src=\"https:\/\/westsiberianlaika.rs\/wp-content\/uploads\/2026\/02\/71pCFUR8SRL._SL1500_.jpg\" alt=\"Naslov knjige\" style=\"max-width:150px; height:auto;\">\n  <\/div>\n\n  <!-- DESNA STRANA: Tekst i forma -->\n  <div style=\"flex:1; min-width:250px;\">\n    <h1>Kupi knjigu<\/h1>\n    <p>Poru\u010di i osiguraj svoj primerak! <strong>O\u010dekivano vreme isporuke: 5 radnih dana.<\/strong><\/p>\n    <p>Podr\u017ei na\u0161e lova\u010dke ekspedicije kupovinom knjige. Sav prihod ide <strong>direktno u fond za finansiranje ekspedicija<\/strong>.<\/p>\n\n    <h2>Informacije o knjizi<\/h2>\n    <p><strong>Cena:<\/strong> 2.000 RSD + po\u0161tarina<\/p>\n    <p>Dostava unutar Srbije:<\/p>\n    <ul>\n      <li>\ud83d\udce6 Kurirska dostava<\/li>\n      <li>\ud83d\udcb0 Pla\u0107anje pouze\u0107em (prilikom preuzimanja)<\/li>\n    <\/ul>\n\n    <h2>Poru\u010di svoj primerak<\/h2>\n    <!-- WordPress Contact Form 7 shortcode -->\n    \n<div class=\"wpcf7 no-js\" id=\"wpcf7-f2077-o1\" lang=\"en-US\" dir=\"ltr\" data-wpcf7-id=\"2077\">\n<div class=\"screen-reader-response\"><p role=\"status\" aria-live=\"polite\" aria-atomic=\"true\"><\/p> <ul><\/ul><\/div>\n<form action=\"\/index.php\/wp-json\/wp\/v2\/pages\/2073#wpcf7-f2077-o1\" method=\"post\" class=\"wpcf7-form init\" aria-label=\"Contact form\" novalidate=\"novalidate\" data-status=\"init\">\n<fieldset class=\"hidden-fields-container\"><input type=\"hidden\" name=\"_wpcf7\" value=\"2077\" \/><input type=\"hidden\" name=\"_wpcf7_version\" value=\"6.1.4\" \/><input type=\"hidden\" name=\"_wpcf7_locale\" value=\"en_US\" \/><input type=\"hidden\" name=\"_wpcf7_unit_tag\" value=\"wpcf7-f2077-o1\" \/><input type=\"hidden\" name=\"_wpcf7_container_post\" value=\"0\" \/><input type=\"hidden\" name=\"_wpcf7_posted_data_hash\" value=\"\" \/>\n<\/fieldset>\n<p><label> Ime i prezime (obavezno)<br \/>\n<span class=\"wpcf7-form-control-wrap\" data-name=\"ime-prezime\"><input size=\"40\" maxlength=\"400\" class=\"wpcf7-form-control wpcf7-text wpcf7-validates-as-required\" aria-required=\"true\" aria-invalid=\"false\" value=\"\" type=\"text\" name=\"ime-prezime\" \/><\/span> <\/label>\n<\/p>\n<p><label> Adresa (obavezno)<br \/>\n<span class=\"wpcf7-form-control-wrap\" data-name=\"adresa\"><input size=\"40\" maxlength=\"400\" class=\"wpcf7-form-control wpcf7-text wpcf7-validates-as-required\" aria-required=\"true\" aria-invalid=\"false\" value=\"\" type=\"text\" name=\"adresa\" \/><\/span> <\/label>\n<\/p>\n<p><label> Grad \/ Po\u0161tanski broj (obavezno)<br \/>\n<span class=\"wpcf7-form-control-wrap\" data-name=\"grad\"><input size=\"40\" maxlength=\"400\" class=\"wpcf7-form-control wpcf7-text wpcf7-validates-as-required\" aria-required=\"true\" aria-invalid=\"false\" value=\"\" type=\"text\" name=\"grad\" \/><\/span> <\/label>\n<\/p>\n<p><label> Telefon (obavezno)<br \/>\n<span class=\"wpcf7-form-control-wrap\" data-name=\"telefon\"><input size=\"40\" maxlength=\"400\" class=\"wpcf7-form-control wpcf7-tel wpcf7-validates-as-required wpcf7-text wpcf7-validates-as-tel\" aria-required=\"true\" aria-invalid=\"false\" value=\"\" type=\"tel\" name=\"telefon\" \/><\/span> <\/label>\n<\/p>\n<p><label> Email (obavezno)<br \/>\n<span class=\"wpcf7-form-control-wrap\" data-name=\"customer-email\"><input size=\"40\" maxlength=\"400\" class=\"wpcf7-form-control wpcf7-email wpcf7-validates-as-required wpcf7-text wpcf7-validates-as-email\" aria-required=\"true\" aria-invalid=\"false\" value=\"\" type=\"email\" name=\"customer-email\" \/><\/span> <\/label>\n<\/p>\n<p><input class=\"wpcf7-form-control wpcf7-submit has-spinner\" type=\"submit\" value=\"Poru\u010di knjigu\" \/>\n<\/p><div class=\"wpcf7-response-output\" aria-hidden=\"true\"><\/div>\n<\/form>\n<\/div>\n\n\n    <h2>Hvala \u0161to podr\u017eavate na\u0161 rad!<\/h2>\n  <\/div>\n\n<\/div>\n\n\n\n<p><\/p>\n","protected":false},"excerpt":{"rendered":"<p>Kupi knjigu Poru\u010di i osiguraj svoj primerak! O\u010dekivano vreme isporuke: 5 radnih dana. Podr\u017ei na\u0161e lova\u010dke ekspedicije kupovinom knjige. Sav prihod ide direktno u fond za finansiranje ekspedicija. Informacije o knjizi Cena: 2.000 RSD + po\u0161tarina Dostava unutar Srbije: \ud83d\udce6 Kurirska dostava \ud83d\udcb0 Pla\u0107anje pouze\u0107em (prilikom preuzimanja) Poru\u010di svoj primerak Hvala \u0161to podr\u017eavate na\u0161 rad!<\/p>\n","protected":false},"author":1,"featured_media":0,"parent":0,"menu_order":0,"comment_status":"closed","ping_status":"closed","template":"","meta":{"footnotes":""},"class_list":["post-2073","page","type-page","status-publish","hentry"],"aioseo_notices":[],"_links":{"self":[{"href":"https:\/\/westsiberianlaika.rs\/index.php\/wp-json\/wp\/v2\/pages\/2073","targetHints":{"allow":["GET"]}}],"collection":[{"href":"https:\/\/westsiberianlaika.rs\/index.php\/wp-json\/wp\/v2\/pages"}],"about":[{"href":"https:\/\/westsiberianlaika.rs\/index.php\/wp-json\/wp\/v2\/types\/page"}],"author":[{"embeddable":true,"href":"https:\/\/westsiberianlaika.rs\/index.php\/wp-json\/wp\/v2\/users\/1"}],"replies":[{"embeddable":true,"href":"https:\/\/westsiberianlaika.rs\/index.php\/wp-json\/wp\/v2\/comments?post=2073"}],"version-history":[{"count":21,"href":"https:\/\/westsiberianlaika.rs\/index.php\/wp-json\/wp\/v2\/pages\/2073\/revisions"}],"predecessor-version":[{"id":2291,"href":"https:\/\/westsiberianlaika.rs\/index.php\/wp-json\/wp\/v2\/pages\/2073\/revisions\/2291"}],"wp:attachment":[{"href":"https:\/\/westsiberianlaika.rs\/index.php\/wp-json\/wp\/v2\/media?parent=2073"}],"curies":[{"name":"wp","href":"https:\/\/api.w.org\/{rel}","templated":true}]}}