{"id":1484,"date":"2025-12-14T12:09:14","date_gmt":"2025-12-14T12:09:14","guid":{"rendered":"https:\/\/northernhunters.org\/?page_id=1484"},"modified":"2026-01-30T17:41:05","modified_gmt":"2026-01-30T17:41:05","slug":"nasi-psi-2","status":"publish","type":"page","link":"https:\/\/westsiberianlaika.rs\/index.php\/sr\/nasi-psi-2\/","title":{"rendered":"Na\u0161i psi"},"content":{"rendered":"\t\t<div data-elementor-type=\"wp-page\" data-elementor-id=\"1484\" class=\"elementor elementor-1484\">\n\t\t\t\t<div class=\"elementor-element elementor-element-358bf06 e-flex e-con-boxed e-con e-parent\" data-id=\"358bf06\" data-element_type=\"container\">\n\t\t\t\t\t<div class=\"e-con-inner\">\n\t\t\t\t\t<\/div>\n\t\t\t\t<\/div>\n\t\t<div class=\"elementor-element elementor-element-VKUHgZT e-flex e-con-boxed e-con e-parent\" data-id=\"VKUHgZT\" data-element_type=\"container\">\n\t\t\t\t\t<div class=\"e-con-inner\">\n\t\t<div class=\"elementor-element elementor-element-WU39rNZ e-con-full e-flex e-con e-child\" data-id=\"WU39rNZ\" data-element_type=\"container\">\n\t\t\t\t<div class=\"elementor-element elementor-element-8EwgU3S elementor-widget-tablet__width-initial elementor-widget elementor-widget-image\" data-id=\"8EwgU3S\" data-element_type=\"widget\" data-widget_type=\"image.default\">\n\t\t\t\t\t\t\t\t\t\t\t\t\t\t\t<img fetchpriority=\"high\" decoding=\"async\" width=\"800\" height=\"453\" src=\"https:\/\/westsiberianlaika.rs\/wp-content\/uploads\/2025\/12\/image007-1.jpg\" class=\"attachment-large size-large wp-image-293\" alt=\"\" srcset=\"https:\/\/westsiberianlaika.rs\/wp-content\/uploads\/2025\/12\/image007-1.jpg 800w, https:\/\/westsiberianlaika.rs\/wp-content\/uploads\/2025\/12\/image007-1-300x170.jpg 300w, https:\/\/westsiberianlaika.rs\/wp-content\/uploads\/2025\/12\/image007-1-768x435.jpg 768w\" sizes=\"(max-width: 800px) 100vw, 800px\" \/>\t\t\t\t\t\t\t\t\t\t\t\t\t\t\t<\/div>\n\t\t\t\t<\/div>\n\t\t<div class=\"elementor-element elementor-element-0ECifMQ e-con-full e-flex e-con e-child\" data-id=\"0ECifMQ\" data-element_type=\"container\">\n\t\t\t\t<div class=\"elementor-element elementor-element-cg5ra4C elementor-widget elementor-widget-heading\" data-id=\"cg5ra4C\" data-element_type=\"widget\" data-widget_type=\"heading.default\">\n\t\t\t\t\t<h2 class=\"elementor-heading-title elementor-size-default\">Upoznajte nase  pse<\/h2>\t\t\t\t<\/div>\n\t\t\t\t<div class=\"elementor-element elementor-element-ytqXJXX elementor-widget-mobile__width-inherit elementor-widget elementor-widget-text-editor\" data-id=\"ytqXJXX\" data-element_type=\"widget\" data-widget_type=\"text-editor.default\">\n\t\t\t\t\t\t\t\t\t<p data-start=\"29\" data-end=\"124\">Mi smo odgajiva\u010di i lovci sa fokusom na razvoj vrhunskih lova\u010dkih linija Zapadnosibirske lajke.<\/p><p data-start=\"126\" data-end=\"570\">Na ovim stranicama mo\u017eete prona\u0107i informacije o precima na\u0161ih pasa, koji poti\u010du iz Rusije, Belorusije, Ukrajine i Litvanije. Klikom na <strong data-start=\"261\" data-end=\"271\">(info)<\/strong> ispod imena psa bi\u0107ete direktno preusmereni na online bazu podataka lova\u010dkih lajki u Rusiji, gde mo\u017eete pogledati kompletan pedigre i sve rezultate terenskih proba psa koji vas zanima. Klikom na <strong data-start=\"467\" data-end=\"478\">(photo)<\/strong> dobi\u0107ete pristup foto-albumu u bazi podataka, gde mo\u017eete videti autenti\u010dne fotografije pasa.<\/p>\t\t\t\t\t\t\t\t<\/div>\n\t\t\t\t<\/div>\n\t\t\t\t\t<\/div>\n\t\t\t\t<\/div>\n\t\t\t\t<\/div>\n\t\t","protected":false},"excerpt":{"rendered":"<p>Upoznajte nase pse Mi smo odgajiva\u010di i lovci sa fokusom na razvoj vrhunskih lova\u010dkih linija Zapadnosibirske lajke. Na ovim stranicama mo\u017eete prona\u0107i informacije o precima na\u0161ih pasa, koji poti\u010du iz Rusije, Belorusije, Ukrajine i Litvanije. Klikom na (info) ispod imena psa bi\u0107ete direktno preusmereni na online bazu podataka lova\u010dkih lajki u Rusiji, gde mo\u017eete pogledati [&hellip;]<\/p>\n","protected":false},"author":1,"featured_media":0,"parent":0,"menu_order":0,"comment_status":"closed","ping_status":"closed","template":"","meta":{"footnotes":""},"class_list":["post-1484","page","type-page","status-publish","hentry"],"aioseo_notices":[],"_links":{"self":[{"href":"https:\/\/westsiberianlaika.rs\/index.php\/wp-json\/wp\/v2\/pages\/1484","targetHints":{"allow":["GET"]}}],"collection":[{"href":"https:\/\/westsiberianlaika.rs\/index.php\/wp-json\/wp\/v2\/pages"}],"about":[{"href":"https:\/\/westsiberianlaika.rs\/index.php\/wp-json\/wp\/v2\/types\/page"}],"author":[{"embeddable":true,"href":"https:\/\/westsiberianlaika.rs\/index.php\/wp-json\/wp\/v2\/users\/1"}],"replies":[{"embeddable":true,"href":"https:\/\/westsiberianlaika.rs\/index.php\/wp-json\/wp\/v2\/comments?post=1484"}],"version-history":[{"count":13,"href":"https:\/\/westsiberianlaika.rs\/index.php\/wp-json\/wp\/v2\/pages\/1484\/revisions"}],"predecessor-version":[{"id":2251,"href":"https:\/\/westsiberianlaika.rs\/index.php\/wp-json\/wp\/v2\/pages\/1484\/revisions\/2251"}],"wp:attachment":[{"href":"https:\/\/westsiberianlaika.rs\/index.php\/wp-json\/wp\/v2\/media?parent=1484"}],"curies":[{"name":"wp","href":"https:\/\/api.w.org\/{rel}","templated":true}]}}